{"id":59632,"date":"2023-11-28T14:22:27","date_gmt":"2023-11-28T13:22:27","guid":{"rendered":"https:\/\/www.teritoria.com\/?page_id=59632"},"modified":"2025-10-15T20:02:03","modified_gmt":"2025-10-15T18:02:03","slug":"programma-fedelta-teritoria","status":"publish","type":"page","link":"https:\/\/www.teritoria.com\/it\/programma-fedelta-teritoria\/","title":{"rendered":"Programma fedelt\u00e0 Teritoria"},"content":{"rendered":"<section id=\"top\"\n         class=\"header bg-no-repeat bg-cover bg-center\" style=\"background-color: #fcf3ef\">\n    <div class='container text-center px-[2.4rem] py-[4rem] min-h-[275px] flex item-center '>\n        <div class='max-w-[657px] mx-auto flex flex-col justify-center'>\n                    <div class='header_sous_titre mb-2'>\n                                    <span\n                        class='text-sm font-proza-libre font-bold tracking-widest uppercase' style='color: #ff8300;'>                    <\/span>\n                            <\/div>\n        \n        \n                            <div class='header_titre mb-8'>\n                    <h1\n                        class='text-lg max-lg:text-[4rem]'\n                        style='color: #ff8300;'>\n                        Programma fedelt\u00e0 Teritoria                    <\/h1>\n                <\/div>\n                    \n        \n                        <\/div>\n    <\/div>\n<!-- $header_afficher_ce_form  = get_field( 'header_afficher_ce_form' );\n$header_form_titre  = get_field( 'header_form_titre' );\n$header_form_description  = get_field( 'header_form_description' );\n$header_form_cta  = get_field( 'header_form_cta' ); -->\n    <\/section>\n\n\n\n\n<div style=\"height:30px\" aria-hidden=\"true\" class=\"wp-block-spacer\"><\/div>\n\n\n<div class=\"wp-block-image\">\n<figure class=\"aligncenter size-large\"><img loading=\"lazy\" decoding=\"async\" width=\"1024\" height=\"293\" src=\"https:\/\/www.teritoria.com\/wp-content\/uploads\/2023\/11\/image_fidelite-1024x293.jpeg\" alt=\"\" class=\"wp-image-55395\" title=\"\" srcset=\"https:\/\/www.teritoria.com\/wp-content\/uploads\/2023\/11\/image_fidelite-1024x293.jpeg 1024w, https:\/\/www.teritoria.com\/wp-content\/uploads\/2023\/11\/image_fidelite-300x86.jpeg 300w, https:\/\/www.teritoria.com\/wp-content\/uploads\/2023\/11\/image_fidelite-768x219.jpeg 768w, https:\/\/www.teritoria.com\/wp-content\/uploads\/2023\/11\/image_fidelite-1536x439.jpeg 1536w, https:\/\/www.teritoria.com\/wp-content\/uploads\/2023\/11\/image_fidelite.jpeg 1750w\" sizes=\"auto, (max-width: 1024px) 100vw, 1024px\" \/><\/figure>\n<\/div>\n\n\n<div class=\"wp-block-columns is-layout-flex wp-container-core-columns-is-layout-9d6595d7 wp-block-columns-is-layout-flex\">\n<div class=\"wp-block-column is-layout-flow wp-block-column-is-layout-flow\" style=\"flex-basis:15%\"><\/div>\n\n\n\n<div class=\"wp-block-column text-justify is-layout-flow wp-block-column-is-layout-flow\" style=\"flex-basis:70%\">\n<div style=\"height:30px\" aria-hidden=\"true\" class=\"wp-block-spacer\"><\/div>\n\n\n\n<h2 class=\"wp-block-heading has-text-align-center has-text-color has-link-color has-large-font-size wp-elements-529a83a79af54f52b422388b02816490\" style=\"color:#00541e\">In Teritoria,&nbsp;<strong>la fedelt\u00e0 \u00e8 sempre premiata<\/strong>!<\/h2>\n\n\n\n<div style=\"height:28px\" aria-hidden=\"true\" class=\"wp-block-spacer\"><\/div>\n\n\n\n<p class=\"has-text-align-center has-black-color has-text-color has-link-color wp-elements-6faf07d3a4314e9b111107201865a50c\"><strong><mark style=\"background-color:rgba(0, 0, 0, 0);color:#00541e\" class=\"has-inline-color\">3%<\/mark><\/strong> del conto riaccreditato<\/p>\n\n\n\n<p class=\"has-text-align-center\"><strong><mark style=\"background-color:rgba(0, 0, 0, 0);color:#00541e\" class=\"has-inline-color\">1 anno<\/mark><\/strong> di validit\u00e0<\/p>\n\n\n\n<p class=\"has-text-align-center\"><strong><mark style=\"background-color:rgba(0, 0, 0, 0);color:#00541e\" class=\"has-inline-color\">430<\/mark><\/strong> hotels e ristoranti in Europa<\/p>\n\n\n\n<p><\/p>\n\n\n\n<div class=\"wp-block-columns is-layout-flex wp-container-core-columns-is-layout-9d6595d7 wp-block-columns-is-layout-flex\">\n<div class=\"wp-block-column is-layout-flow wp-block-column-is-layout-flow\"><\/div>\n\n\n\n<div class=\"wp-block-column is-layout-flow wp-block-column-is-layout-flow\">\n<div class=\"wp-block-buttons is-layout-flex wp-block-buttons-is-layout-flex\">\n<div class=\"wp-block-button has-custom-width wp-block-button__width-100 is-style-outline is-style-outline--1\"><a class=\"wp-block-button__link has-luminous-vivid-orange-color has-text-color has-link-color wp-element-button\" href=\"https:\/\/compte.teritoria.com\/?lang=it\" rel=\"nofollow noopener\" target=\"_blank\">Iscriviti<\/a><\/div>\n<\/div>\n<\/div>\n\n\n\n<div class=\"wp-block-column is-layout-flow wp-block-column-is-layout-flow\"><\/div>\n<\/div>\n\n\n\n<p><\/p>\n\n\n\n<p>Dal 1975, la 1\u00b0 guida dell&#8217;ospitalit\u00e0 sostenibile Teritoria seleziona hotel, hotel-ristoranti e ristoranti in  Europa. Nel 2023, scopri 430 strutture principalmente in Francia e in Italia: indirizzi di qualit\u00e0, luoghi autentici, <em>maison <\/em>a misura d&#8217;uomo che facilitano l&#8217;incontro.<br><br>In Teritoria scoprirai dei fiori all&#8217;occhiello del mondo della gastronomia: <strong>pi\u00f9 di 100 ristoranti stellati<\/strong> in Francia e in Italia dove vivere esperienze di gusto uniche.<\/p>\n\n\n\n<div style=\"height:50px\" aria-hidden=\"true\" class=\"wp-block-spacer\"><\/div>\n<\/div>\n\n\n\n<div class=\"wp-block-column is-layout-flow wp-block-column-is-layout-flow\" style=\"flex-basis:15%\"><\/div>\n<\/div>\n\n\n\n<div class=\"wp-block-columns is-layout-flex wp-container-core-columns-is-layout-9d6595d7 wp-block-columns-is-layout-flex\">\n<div class=\"wp-block-column is-layout-flow wp-block-column-is-layout-flow\" style=\"flex-basis:25%\"><\/div>\n\n\n\n<div class=\"wp-block-column text-justify is-layout-flow wp-block-column-is-layout-flow\" style=\"flex-basis:25%\">\n<p class=\"has-text-align-center\"><\/p>\n<\/div>\n\n\n\n<div class=\"wp-block-column is-layout-flow wp-block-column-is-layout-flow\" style=\"flex-basis:25%\">\n<p class=\"has-text-align-center\"><\/p>\n<\/div>\n<\/div>\n\n\n\n<div class=\"wp-block-columns is-layout-flex wp-container-core-columns-is-layout-9d6595d7 wp-block-columns-is-layout-flex\">\n<div class=\"wp-block-column is-layout-flow wp-block-column-is-layout-flow\" style=\"flex-basis:25%\"><\/div>\n\n\n\n<div class=\"wp-block-column text-justify is-layout-flow wp-block-column-is-layout-flow\" style=\"flex-basis:25%\">\n<div class=\"wp-block-buttons is-content-justification-center is-layout-flex wp-container-core-buttons-is-layout-16018d1d wp-block-buttons-is-layout-flex\">\n<div class=\"wp-block-button has-custom-width wp-block-button__width-100 is-style-outline is-style-outline--2\"><a class=\"wp-block-button__link has-text-color has-link-color wp-element-button\" href=\"https:\/\/compte.teritoria.com\/?lang=it\" style=\"color:#ff8300\" target=\"_blank\" rel=\"noreferrer noopener nofollow\">Iscriviti<\/a><\/div>\n<\/div>\n<\/div>\n\n\n\n<div class=\"wp-block-column is-layout-flow wp-block-column-is-layout-flow\" style=\"flex-basis:25%\">\n<div class=\"wp-block-buttons is-content-justification-center is-layout-flex wp-container-core-buttons-is-layout-16018d1d wp-block-buttons-is-layout-flex\">\n<div class=\"wp-block-button has-custom-width wp-block-button__width-100 is-style-outline is-style-outline--3\"><a class=\"wp-block-button__link has-text-color has-link-color wp-element-button\" href=\"https:\/\/compte.teritoria.com\/forget-password\" style=\"color:#00541e\" target=\"_blank\" rel=\"noreferrer noopener nofollow\">Riattiva il tuo account<\/a><\/div>\n<\/div>\n<\/div>\n\n\n\n<div class=\"wp-block-column is-layout-flow wp-block-column-is-layout-flow\" style=\"flex-basis:25%\"><\/div>\n<\/div>\n\n\n\n<div style=\"height:30px\" aria-hidden=\"true\" class=\"wp-block-spacer\"><\/div>\n\n\n\n<div class=\"wp-block-columns is-layout-flex wp-container-core-columns-is-layout-9d6595d7 wp-block-columns-is-layout-flex\">\n<div class=\"wp-block-column is-layout-flow wp-block-column-is-layout-flow\" style=\"flex-basis:15.39%\"><\/div>\n\n\n\n<div class=\"wp-block-column is-layout-flow wp-block-column-is-layout-flow\" style=\"flex-basis:70%\">\n   <div id=\"block-home-info\" class=\"wp-block-create-block-block-img-text block_img_text_class block_info_custom_class my-16 lg:my-24\">\n      <div class=\"grid items-center text-center px-[2.4rem] lg:px-0 lg:text-left  lg:grid-cols-2\">\n         <div class=\"order-2 ps-[5vw] pe-14 contents lg:block\">\n                           <h2 class=\"bit_title mb-10 lg:mb-6 lg:max-w-[439px]  text-md max-lg:text-[2.6rem]\" style=\"color:#FF8300\">\n                  Una carta fedelt\u00e0 100% digitale               <\/h2>\n            \n                           <div class=\"bit_content mb-14 order-3 lg:mb-10\" style=\"color:#414B5A\">\n                  <p>Sotto forma di codice QR personale da aggiungere al Wallet del tuo smartphone e utilizzare facilmente in tutte le strutture Teritoria. Non ci sono pi\u00f9 scuse per non goderti i tuoi vantaggi!<\/p>\n               <\/div>\n            \n                     <\/div>\n\n                     <div class=\"order-1 mb-8 lg:mb-0 overflow-hidden rounded\">\n               <div class=\"ratio pt-[calc(100%\/710*441)]\">\n                  <img decoding=\"async\" src=\"data:image\/png;base64,iVBORw0KGgoAAAANSUhEUgAAAAEAAAABCAYAAAAfFcSJAAAADUlEQVR42mO8fPPmGQAIXwNTEbZW6QAAAABJRU5ErkJggg==\" data-src=\"https:\/\/www.teritoria.com\/wp-content\/uploads\/2024\/03\/MicrosoftTeams-image-18.png\" alt=\"Una carta fedelt\u00e0 100% digitale\" class=\"object-cover w-full lazy\" title=\"\">\n               <\/div>\n            <\/div>\n         \n      <\/div>\n   <\/div>\n<\/div>\n\n\n\n<div class=\"wp-block-column is-layout-flow wp-block-column-is-layout-flow\" style=\"flex-basis:15%\"><\/div>\n<\/div>\n\n\n\n<div class=\"wp-block-columns is-layout-flex wp-container-core-columns-is-layout-9d6595d7 wp-block-columns-is-layout-flex\">\n<div class=\"wp-block-column is-layout-flow wp-block-column-is-layout-flow\" style=\"flex-basis:10%\"><\/div>\n\n\n\n<div class=\"wp-block-column is-layout-flow wp-block-column-is-layout-flow\" style=\"flex-basis:90%\">\n<div style=\"height:30px\" aria-hidden=\"true\" class=\"wp-block-spacer\"><\/div>\n\n\n\n<p class=\"has-cyan-bluish-gray-color has-text-color has-link-color has-small-font-size wp-elements-fa7bd685ceecb9d9fb10c3ec7c906f9e\">* Questo programma fedelt\u00e0 non si applica agli indirizzi in Germania e Austria con il marchio Romantik Hotels.<\/p>\n\n\n\n<p><\/p>\n\n\n\n<p class=\"has-cyan-bluish-gray-color has-text-color has-link-color has-small-font-size wp-elements-b7906de30d7c99b787dafcc07ab1e006\">Estratto delle condizioni di utilizzo:<\/p>\n\n\n\n<p class=\"has-cyan-bluish-gray-color has-text-color has-link-color has-small-font-size wp-elements-6cba14254aae3ca767d65279228bc18d\">Cashback calcolato solo sull&#8217;importo dei servizi di alloggio e\/o ristorazione.<\/p>\n\n\n\n<p class=\"has-cyan-bluish-gray-color has-text-color has-link-color has-small-font-size wp-elements-fdd59b7602589d85644d7675aa9e9230\">Crediti riscossi dietro presentazione della carta fedelt\u00e0 al momento del pagamento.<\/p>\n\n\n\n<p class=\"has-cyan-bluish-gray-color has-text-color has-link-color has-small-font-size wp-elements-2380e2e811300a4b79b0da64e9825db8\">Crediti validi per 12 mesi.<\/p>\n\n\n\n<p class=\"has-cyan-bluish-gray-color has-text-color has-link-color has-small-font-size wp-elements-361238c84ba1f019a7bf2cfdcf473bbf\">Programma applicabile in tutti gli indirizzi Teritoria.<\/p>\n\n\n\n<p class=\"has-cyan-bluish-gray-color has-text-color has-link-color has-small-font-size wp-elements-6fc4c693675487b297b7a1a281d90409\">Scopri qui tutti i termini e le condizioni di utilizzo del programma fedelt\u00e0.<\/p>\n<\/div>\n\n\n\n<div class=\"wp-block-column is-layout-flow wp-block-column-is-layout-flow\" style=\"flex-basis:10%\"><\/div>\n<\/div>\n\n\n\n<div style=\"height:50px\" aria-hidden=\"true\" class=\"wp-block-spacer\"><\/div>\n\n\n\n<div class=\"wp-block-columns is-layout-flex wp-container-core-columns-is-layout-9d6595d7 wp-block-columns-is-layout-flex\">\n<div class=\"wp-block-column is-layout-flow wp-block-column-is-layout-flow\"><\/div>\n\n\n\n<div class=\"wp-block-column text-justify is-layout-flow wp-block-column-is-layout-flow\" style=\"flex-basis:70%\">\n<div class=\"wp-block-buttons is-content-justification-center is-layout-flex wp-container-core-buttons-is-layout-16018d1d wp-block-buttons-is-layout-flex\">\n<div class=\"wp-block-button\"><a class=\"wp-block-button__link wp-element-button\" href=\"#top\">Torna a inizio pagina<\/a><\/div>\n<\/div>\n<\/div>\n\n\n\n<div class=\"wp-block-column is-layout-flow wp-block-column-is-layout-flow\"><\/div>\n<\/div>\n","protected":false},"excerpt":{"rendered":"<p>In Teritoria,&nbsp;la fedelt\u00e0 \u00e8 sempre premiata! 3% del conto riaccreditato 1 anno di validit\u00e0 430 hotels e ristoranti in Europa Dal 1975, la 1\u00b0 guida dell&#8217;ospitalit\u00e0 sostenibile Teritoria seleziona hotel, hotel-ristoranti e ristoranti in Europa. Nel 2023, scopri 430 strutture principalmente in Francia e in Italia: indirizzi di qualit\u00e0, luoghi autentici, maison a misura d&#8217;uomo [&hellip;]<\/p>\n","protected":false},"author":16,"featured_media":0,"parent":0,"menu_order":0,"comment_status":"closed","ping_status":"closed","template":"","meta":{"_acf_changed":false,"footnotes":""},"class_list":["post-59632","page","type-page","status-publish","hentry"],"acf":[],"_links":{"self":[{"href":"https:\/\/www.teritoria.com\/it\/wp-json\/wp\/v2\/pages\/59632","targetHints":{"allow":["GET"]}}],"collection":[{"href":"https:\/\/www.teritoria.com\/it\/wp-json\/wp\/v2\/pages"}],"about":[{"href":"https:\/\/www.teritoria.com\/it\/wp-json\/wp\/v2\/types\/page"}],"author":[{"embeddable":true,"href":"https:\/\/www.teritoria.com\/it\/wp-json\/wp\/v2\/users\/16"}],"replies":[{"embeddable":true,"href":"https:\/\/www.teritoria.com\/it\/wp-json\/wp\/v2\/comments?post=59632"}],"version-history":[{"count":5,"href":"https:\/\/www.teritoria.com\/it\/wp-json\/wp\/v2\/pages\/59632\/revisions"}],"predecessor-version":[{"id":202592,"href":"https:\/\/www.teritoria.com\/it\/wp-json\/wp\/v2\/pages\/59632\/revisions\/202592"}],"wp:attachment":[{"href":"https:\/\/www.teritoria.com\/it\/wp-json\/wp\/v2\/media?parent=59632"}],"curies":[{"name":"wp","href":"https:\/\/api.w.org\/{rel}","templated":true}]}}