{"id":51458,"date":"2023-11-24T12:37:36","date_gmt":"2023-11-24T11:37:36","guid":{"rendered":"https:\/\/www.teritoria.com\/conditions-generales-dutilisation-du-site-teritoria\/"},"modified":"2026-01-14T10:41:23","modified_gmt":"2026-01-14T09:41:23","slug":"note-legali-teritoria","status":"publish","type":"page","link":"https:\/\/www.teritoria.com\/it\/termini-e-condizioni-di-utilizzo-del-sito-web-di-teritoria\/","title":{"rendered":"NOTE LEGALI"},"content":{"rendered":"<section id=\"top\"\n         class=\"header bg-no-repeat bg-cover bg-center\" style=\"background-color: #fcf3ef\">\n    <div class='container text-center px-[2.4rem] py-[4rem] min-h-[275px] flex item-center '>\n        <div class='max-w-[657px] mx-auto flex flex-col justify-center'>\n                    <div class='header_sous_titre mb-2'>\n                                    <span\n                        class='text-sm font-proza-libre font-bold tracking-widest uppercase' style='color: #ff8300;'>                    <\/span>\n                            <\/div>\n        \n        \n                            <div class='header_titre mb-8'>\n                    <h1\n                        class='text-lg max-lg:text-[4rem]'\n                        style='color: #ff8300;'>\n                        NOTE LEGALI                    <\/h1>\n                <\/div>\n                    \n        \n                        <\/div>\n    <\/div>\n<!-- $header_afficher_ce_form  = get_field( 'header_afficher_ce_form' );\n$header_form_titre  = get_field( 'header_form_titre' );\n$header_form_description  = get_field( 'header_form_description' );\n$header_form_cta  = get_field( 'header_form_cta' ); -->\n    <\/section>\n\n\n\n\n<div class=\"wp-block-columns px-[2.4rem] lg:px-0 is-layout-flex wp-container-core-columns-is-layout-9d6595d7 wp-block-columns-is-layout-flex\">\n<div class=\"wp-block-column is-layout-flow wp-block-column-is-layout-flow\"><\/div>\n\n\n\n<div class=\"wp-block-column text-justify is-layout-flow wp-block-column-is-layout-flow\" style=\"flex-basis:70%\">\n<div style=\"height:30px\" aria-hidden=\"true\" class=\"wp-block-spacer\"><\/div>\n\n\n\n<div style=\"height:20px\" aria-hidden=\"true\" class=\"wp-block-spacer\"><\/div>\n\n\n\n<p>Il sito www.teritoria.com \u00e8 di propriet\u00e0 di:<\/p>\n\n\n\n<p>TERITORIA<\/p>\n\n\n\n<p>Societ\u00e0 per azioni semplificata con capitale sociale di 99.500 euro<\/p>\n\n\n\n<p>Sede legale: 83 avenue d\u2019Italie 75013 PARIGI<\/p>\n\n\n\n<p>382 256 857 R.C.S. PARIGI<\/p>\n\n\n\n<p>Tel.: +33 (0)1 45 84 70 00<\/p>\n\n\n\n<div style=\"height:30px\" aria-hidden=\"true\" class=\"wp-block-spacer\"><\/div>\n\n\n\n<h2 class=\"wp-block-heading has-medium-font-size\">1.\u00a0\u00a0\u00a0\u00a0 DIRITTI D&#8217;AUTORE (COPYRIGHT)<\/h2>\n\n\n\n<div style=\"height:30px\" aria-hidden=\"true\" class=\"wp-block-spacer\"><\/div>\n\n\n\n<p>Tutti i diritti riservati \u00a9 Copyright Teritoria 2025.<\/p>\n\n\n\n<p>L&#8217;utilizzo di questo servizio \u00e8 riservato esclusivamente a fini personali. \u00c8 vietata qualsiasi riproduzione o rappresentazione, totale o parziale, per altri scopi su qualsiasi supporto.<\/p>\n\n\n\n<p>Il mancato rispetto di tale divieto costituisce una contraffazione che pu\u00f2 comportare la responsabilit\u00e0 civile e penale del contraffattore.<\/p>\n\n\n\n<div style=\"height:30px\" aria-hidden=\"true\" class=\"wp-block-spacer\"><\/div>\n\n\n\n<h2 class=\"wp-block-heading has-medium-font-size\">2.\u00a0\u00a0\u00a0\u00a0 \u200dMARCHI, NOMI COMMERCIALI E DIRITTI DI PROPRIET\u00c0 INTELLETTUALE<\/h2>\n\n\n\n<div style=\"height:30px\" aria-hidden=\"true\" class=\"wp-block-spacer\"><\/div>\n\n\n\n<p>Si prega di notare che qualsiasi prodotto, servizio o tecnologia descritti in questi documenti possono essere soggetti ad altri diritti di propriet\u00e0 intellettuale a favore di Teritoria e del Gruppo Logis H\u00f4tels o di terzi. Non viene concesso alcun diritto di utilizzare tali diritti di propriet\u00e0 intellettuale.<\/p>\n\n\n\n<div style=\"height:20px\" aria-hidden=\"true\" class=\"wp-block-spacer\"><\/div>\n\n\n\n<div style=\"height:30px\" aria-hidden=\"true\" class=\"wp-block-spacer\"><\/div>\n\n\n\n<h2 class=\"wp-block-heading has-medium-font-size\">3.\u00a0\u00a0\u00a0\u00a0 NOTE<\/h2>\n\n\n\n<div style=\"height:30px\" aria-hidden=\"true\" class=\"wp-block-spacer\"><\/div>\n\n\n\n<p>Questo sito Internet consente l&#8217;accesso ai dati di Teritoria \/ Gruppo Logis H\u00f4tels nel suo complesso. Pertanto, i dati di questo sito possono includere riferimenti a prodotti, servizi o tecnologie di GLH (Gruppo Logis H\u00f4tels) non disponibili nel vostro paese. La presenza di tali riferimenti non implica che Teritoria\/GLH abbiano l&#8217;intenzione di offrire tali prodotti, servizi o tecnologie nel vostro paese.<\/p>\n\n\n\n<p>Le informazioni contenute in questo sito possono contenere inesattezze<\/p>\n\n\n\n<div style=\"height:30px\" aria-hidden=\"true\" class=\"wp-block-spacer\"><\/div>\n<\/div>\n\n\n\n<div class=\"wp-block-column is-layout-flow wp-block-column-is-layout-flow\"><\/div>\n<\/div>\n\n\n\n<div class=\"wp-block-columns is-layout-flex wp-container-core-columns-is-layout-9d6595d7 wp-block-columns-is-layout-flex\">\n<div class=\"wp-block-column is-layout-flow wp-block-column-is-layout-flow\"><\/div>\n\n\n\n<div class=\"wp-block-column text-justify is-layout-flow wp-block-column-is-layout-flow\" style=\"flex-basis:70%\">\n<div style=\"height:50px\" aria-hidden=\"true\" class=\"wp-block-spacer\"><\/div>\n<\/div>\n\n\n\n<div class=\"wp-block-column is-layout-flow wp-block-column-is-layout-flow\"><\/div>\n<\/div>\n\n\n\n<div class=\"wp-block-columns is-layout-flex wp-container-core-columns-is-layout-9d6595d7 wp-block-columns-is-layout-flex\">\n<div class=\"wp-block-column is-layout-flow wp-block-column-is-layout-flow\"><\/div>\n\n\n\n<div class=\"wp-block-column text-justify is-layout-flow wp-block-column-is-layout-flow\" style=\"flex-basis:70%\">\n<div class=\"wp-block-buttons is-content-justification-center is-layout-flex wp-container-core-buttons-is-layout-16018d1d wp-block-buttons-is-layout-flex\">\n<div class=\"wp-block-button\"><a class=\"wp-block-button__link wp-element-button\" href=\"#top\">Torna a inizio pagina<\/a><\/div>\n<\/div>\n<\/div>\n\n\n\n<div class=\"wp-block-column is-layout-flow wp-block-column-is-layout-flow\"><\/div>\n<\/div>\n","protected":false},"excerpt":{"rendered":"<p>Il sito www.teritoria.com \u00e8 di propriet\u00e0 di: TERITORIA Societ\u00e0 per azioni semplificata con capitale sociale di 99.500 euro Sede legale: 83 avenue d\u2019Italie 75013 PARIGI 382 256 857 R.C.S. PARIGI Tel.: +33 (0)1 45 84 70 00 1.\u00a0\u00a0\u00a0\u00a0 DIRITTI D&#8217;AUTORE (COPYRIGHT) Tutti i diritti riservati \u00a9 Copyright Teritoria 2025. L&#8217;utilizzo di questo servizio \u00e8 riservato [&hellip;]<\/p>\n","protected":false},"author":16,"featured_media":0,"parent":0,"menu_order":0,"comment_status":"closed","ping_status":"closed","template":"","meta":{"_acf_changed":false,"footnotes":""},"class_list":["post-51458","page","type-page","status-publish","hentry"],"acf":[],"_links":{"self":[{"href":"https:\/\/www.teritoria.com\/it\/wp-json\/wp\/v2\/pages\/51458","targetHints":{"allow":["GET"]}}],"collection":[{"href":"https:\/\/www.teritoria.com\/it\/wp-json\/wp\/v2\/pages"}],"about":[{"href":"https:\/\/www.teritoria.com\/it\/wp-json\/wp\/v2\/types\/page"}],"author":[{"embeddable":true,"href":"https:\/\/www.teritoria.com\/it\/wp-json\/wp\/v2\/users\/16"}],"replies":[{"embeddable":true,"href":"https:\/\/www.teritoria.com\/it\/wp-json\/wp\/v2\/comments?post=51458"}],"version-history":[{"count":6,"href":"https:\/\/www.teritoria.com\/it\/wp-json\/wp\/v2\/pages\/51458\/revisions"}],"predecessor-version":[{"id":210057,"href":"https:\/\/www.teritoria.com\/it\/wp-json\/wp\/v2\/pages\/51458\/revisions\/210057"}],"wp:attachment":[{"href":"https:\/\/www.teritoria.com\/it\/wp-json\/wp\/v2\/media?parent=51458"}],"curies":[{"name":"wp","href":"https:\/\/api.w.org\/{rel}","templated":true}]}}