{"id":51388,"date":"2023-11-15T08:26:18","date_gmt":"2023-11-15T07:26:18","guid":{"rendered":"https:\/\/www.teritoria.com\/guida-teritoria\/"},"modified":"2024-05-31T15:17:59","modified_gmt":"2024-05-31T13:17:59","slug":"guida-teritoria","status":"publish","type":"page","link":"https:\/\/www.teritoria.com\/it\/guida-teritoria\/","title":{"rendered":"Guida Teritoria"},"content":{"rendered":"<section id=\"header-block_d41bb5e7a4bf35fcea46b79683e4936e\"\n         class=\"header bg-no-repeat bg-cover bg-center\" style=\"background-image: url(https:\/\/www.teritoria.com\/wp-content\/uploads\/2023\/08\/header-faq-bg.png)\">\n    <div class='container text-center px-[2.4rem] py-[4rem] min-h-[275px] flex item-center '>\n        <div class='max-w-[657px] mx-auto flex flex-col justify-center'>\n        \n        \n                            <div class='header_titre mb-8'>\n                    <h1\n                        class='text-lg max-lg:text-[4rem]'\n                        style='color: #ff8300;'>\n                        <i>Scopri<\/i> la guida Teritoria                    <\/h1>\n                <\/div>\n                    \n        \n        \n            \n            <div\n                class='header_description text-gray-300'\n                style=\"color: #1a2830 !important\">\n                <p>La guida degli <strong>artigiani impegnati<\/strong> in Europa<\/p>\n            <\/div>\n                        <\/div>\n    <\/div>\n<!-- $header_afficher_ce_form  = get_field( 'header_afficher_ce_form' );\n$header_form_titre  = get_field( 'header_form_titre' );\n$header_form_description  = get_field( 'header_form_description' );\n$header_form_cta  = get_field( 'header_form_cta' ); -->\n    <\/section>\n\n\n\n\n<div class=\"wp-block-columns is-layout-flex wp-container-core-columns-is-layout-9d6595d7 wp-block-columns-is-layout-flex\">\n<div class=\"wp-block-column is-layout-flow wp-block-column-is-layout-flow\" style=\"flex-basis:100%\">\n   <div id=\"block-home-info\" class=\"wp-block-create-block-block-img-text block_img_text_class block_info_custom_class my-16 lg:my-24\">\n      <div class=\"grid items-center text-center px-[2.4rem] lg:px-0 lg:text-left  lg:grid-cols-2\">\n         <div class=\"order-2 ps-[5vw] pe-14 contents lg:block\">\n                           <h2 class=\"bit_title mb-10 lg:mb-6 lg:max-w-[439px]  text-md max-lg:text-[2.6rem]\" style=\"color:#FF8300\">\n                  Valorizzare i territori e il know-how               <\/h2>\n            \n                           <div class=\"bit_content mb-14 order-3 lg:mb-10\" style=\"color:#414B5A\">\n                  <p>&nbsp;<\/p>\n<p>La guida Teritoria ti apre le porte dei nostri hotel di charme, ristoranti gourmet, castelli e tenute, 430 maison che incarnano l&#8217;essenza del viaggio responsabile, affinch\u00e9 il viaggio sia sempre fonte di stupore, affinch\u00e9 il turismo faccia brillare i nostri territori e la nostra cultura, affinch\u00e9 l&#8217;ospitalit\u00e0 lasci un segno nei nostri cuori, ma non sul pianeta&#8230;<\/p>\n<p>&nbsp;<\/p>\n<p>Scopri indirizzi unici per tutte le occasioni: che sia un compleanno, un matrimonio, un soggiorno, un weekend, ecc. Regala ricordi duraturi, radicati nell&#8217;arte del viaggio autentico<\/p>\n<p>&nbsp;<\/p>\n<p>In Teritoria, siamo gli artigiani di un&#8217;ospitalit\u00e0 a misura d&#8217;uomo, che celebra il territorio, gli incontri genuini e la passione per il viaggio<\/p>\n               <\/div>\n            \n                     <\/div>\n\n                     <div class=\"order-1 mb-8 lg:mb-0 overflow-hidden rounded\">\n               <div class=\"ratio pt-[calc(100%\/710*441)]\">\n                  <img decoding=\"async\" src=\"data:image\/png;base64,iVBORw0KGgoAAAANSUhEUgAAAAEAAAABCAYAAAAfFcSJAAAADUlEQVR42mO8fPPmGQAIXwNTEbZW6QAAAABJRU5ErkJggg==\" data-src=\"https:\/\/www.teritoria.com\/wp-content\/uploads\/2023\/11\/2testVisuel-paysage-800x600-72dpi_GUIDE-1.png\" alt=\"Valorizzare i territori e il know-how\" class=\"object-cover w-full lazy\" title=\"\">\n               <\/div>\n            <\/div>\n         \n      <\/div>\n   <\/div>\n<\/div>\n<\/div>\n\n\n\n<div style=\"height:20px\" aria-hidden=\"true\" class=\"wp-block-spacer\"><\/div>\n\n\n\n<div class=\"wp-block-columns is-layout-flex wp-container-core-columns-is-layout-9d6595d7 wp-block-columns-is-layout-flex\">\n<div class=\"wp-block-column is-layout-flow wp-block-column-is-layout-flow\" style=\"flex-basis:25%\"><\/div>\n\n\n\n<div class=\"wp-block-column is-layout-flow wp-block-column-is-layout-flow\" style=\"flex-basis:50%\">\n<h2 class=\"wp-block-heading has-text-align-center has-text-color has-link-color wp-elements-8876ee3cda18ec6091eefcf9b3c03246\" style=\"color:#ff8300\">Con <strong>Teritor<\/strong>i<strong>a<\/strong>,<br>lasciati <i>ispirare<\/i><\/h2>\n<\/div>\n\n\n\n<div class=\"wp-block-column is-layout-flow wp-block-column-is-layout-flow\" style=\"flex-basis:25%\"><\/div>\n<\/div>\n\n\n\n<p><\/p>\n\n\n\n<div class=\"wp-block-columns is-layout-flex wp-container-core-columns-is-layout-9d6595d7 wp-block-columns-is-layout-flex\">\n<div class=\"wp-block-column is-layout-flow wp-block-column-is-layout-flow\"><\/div>\n\n\n\n<div class=\"wp-block-column is-layout-flow wp-block-column-is-layout-flow\">\n<p class=\"text-justify\">Lasciati ispirare dalla nostra guida arancione, scopri destinazioni <br> indimenticabili, le nostre offerte e molto altro ogni mese, direttamente nella tua casella mail.<\/p>\n\n\n\n<div style=\"height:10px\" aria-hidden=\"true\" class=\"wp-block-spacer\"><\/div>\n\n\n\n<p class=\"text-justify\">Lasciati guidare attraverso esperienze premium, autentiche e sostenibili, che rendono ogni evasione un momento indimenticabile. <\/p>\n\n\n\n<div style=\"height:10px\" aria-hidden=\"true\" class=\"wp-block-spacer\"><\/div>\n\n\n\n<p class=\"text-justify\">Con Teritoria, scopri un mondo in cui il viaggio diventa un invito a esplorare, incontrare e amare ogni angolo del nostro pianeta.<\/p>\n<\/div>\n\n\n\n<div class=\"wp-block-column is-layout-flow wp-block-column-is-layout-flow\"><\/div>\n<\/div>\n\n\n\n<p><\/p>\n\n\n\n<div class=\"wp-block-columns is-layout-flex wp-container-core-columns-is-layout-9d6595d7 wp-block-columns-is-layout-flex\">\n<div class=\"wp-block-column is-layout-flow wp-block-column-is-layout-flow\">\n<div class=\"wp-block-buttons is-content-justification-right is-nowrap is-layout-flex wp-container-core-buttons-is-layout-f5f3ae2a wp-block-buttons-is-layout-flex\">\n<div class=\"wp-block-button is-style-outline is-style-outline--1\"><a class=\"wp-block-button__link has-text-color has-link-color wp-element-button\" href=\"https:\/\/boutique-cadeau.teritoria.com\/it\/networkvoucher\/customization\/316\/\" style=\"color:#ff8300\" target=\"_blank\" rel=\"noreferrer noopener nofollow\">Ordina la guida<\/a><\/div>\n<\/div>\n<\/div>\n\n\n\n<div class=\"wp-block-column is-layout-flow wp-block-column-is-layout-flow\">\n<div class=\"wp-block-buttons is-content-justification-left is-layout-flex wp-container-core-buttons-is-layout-fdcfc74e wp-block-buttons-is-layout-flex\">\n<div class=\"wp-block-button is-style-outline is-style-outline--2\"><a class=\"wp-block-button__link has-text-color has-link-color wp-element-button\" href=\"https:\/\/share-eu1.hsforms.com\/1Tjz-j9RJTDiqKS18GEGaeQf7vkn\" style=\"color:#ff8300\" target=\"_blank\" rel=\"noreferrer noopener nofollow\">Scarica la guida<\/a><\/div>\n<\/div>\n<\/div>\n<\/div>\n\n\n\n<p><\/p>\n","protected":false},"excerpt":{"rendered":"<p>Con Teritoria,lasciati ispirare Lasciati ispirare dalla nostra guida arancione, scopri destinazioni indimenticabili, le nostre offerte e molto altro ogni mese, direttamente nella tua casella mail. Lasciati guidare attraverso esperienze premium, autentiche e sostenibili, che rendono ogni evasione un momento indimenticabile. Con Teritoria, scopri un mondo in cui il viaggio diventa un invito a esplorare, incontrare [&hellip;]<\/p>\n","protected":false},"author":16,"featured_media":0,"parent":0,"menu_order":0,"comment_status":"closed","ping_status":"closed","template":"","meta":{"_acf_changed":false,"footnotes":""},"class_list":["post-51388","page","type-page","status-publish","hentry"],"acf":[],"_links":{"self":[{"href":"https:\/\/www.teritoria.com\/it\/wp-json\/wp\/v2\/pages\/51388","targetHints":{"allow":["GET"]}}],"collection":[{"href":"https:\/\/www.teritoria.com\/it\/wp-json\/wp\/v2\/pages"}],"about":[{"href":"https:\/\/www.teritoria.com\/it\/wp-json\/wp\/v2\/types\/page"}],"author":[{"embeddable":true,"href":"https:\/\/www.teritoria.com\/it\/wp-json\/wp\/v2\/users\/16"}],"replies":[{"embeddable":true,"href":"https:\/\/www.teritoria.com\/it\/wp-json\/wp\/v2\/comments?post=51388"}],"version-history":[{"count":5,"href":"https:\/\/www.teritoria.com\/it\/wp-json\/wp\/v2\/pages\/51388\/revisions"}],"predecessor-version":[{"id":70086,"href":"https:\/\/www.teritoria.com\/it\/wp-json\/wp\/v2\/pages\/51388\/revisions\/70086"}],"wp:attachment":[{"href":"https:\/\/www.teritoria.com\/it\/wp-json\/wp\/v2\/media?parent=51388"}],"curies":[{"name":"wp","href":"https:\/\/api.w.org\/{rel}","templated":true}]}}