{"id":51386,"date":"2023-11-08T14:27:19","date_gmt":"2023-11-08T13:27:19","guid":{"rendered":"https:\/\/www.teritoria.com\/galleria-di-evasioni\/"},"modified":"2024-03-25T17:47:10","modified_gmt":"2024-03-25T16:47:10","slug":"galleria-ispirazioni","status":"publish","type":"page","link":"https:\/\/www.teritoria.com\/it\/galleria-ispirazioni\/","title":{"rendered":"Galleria ispirazioni"},"content":{"rendered":"\n<div class=\"wp-block-columns is-layout-flex wp-container-core-columns-is-layout-9d6595d7 wp-block-columns-is-layout-flex\">\n<div class=\"wp-block-column is-layout-flow wp-block-column-is-layout-flow\" style=\"flex-basis:25%\"><\/div>\n\n\n\n<div class=\"wp-block-column is-layout-flow wp-block-column-is-layout-flow\" style=\"flex-basis:50%\">\n<figure class=\"wp-block-gallery has-nested-images columns-default is-cropped wp-block-gallery-1 is-layout-flex wp-block-gallery-is-layout-flex\">\n<figure class=\"wp-block-image size-full\"><img loading=\"lazy\" decoding=\"async\" width=\"725\" height=\"482\" data-id=\"64032\" src=\"https:\/\/www.teritoria.com\/wp-content\/uploads\/2024\/02\/iStock-483530316.jpg\" alt=\"Granita et Gelato, dessert typique Calabre\" class=\"wp-image-64032\" title=\"\" srcset=\"https:\/\/www.teritoria.com\/wp-content\/uploads\/2024\/02\/iStock-483530316.jpg 725w, https:\/\/www.teritoria.com\/wp-content\/uploads\/2024\/02\/iStock-483530316-300x199.jpg 300w\" sizes=\"auto, (max-width: 725px) 100vw, 725px\" \/><\/figure>\n\n\n\n<figure class=\"wp-block-image size-large\"><img loading=\"lazy\" decoding=\"async\" width=\"1024\" height=\"683\" data-id=\"6234\" src=\"https:\/\/www.teritoria.com\/wp-content\/uploads\/2023\/08\/P546_547_iStock-c-MStudioImages.png\" alt=\"\" class=\"wp-image-6234\" title=\"\" srcset=\"https:\/\/www.teritoria.com\/wp-content\/uploads\/2023\/08\/P546_547_iStock-c-MStudioImages.png 1024w, https:\/\/www.teritoria.com\/wp-content\/uploads\/2023\/08\/P546_547_iStock-c-MStudioImages-300x200.png 300w, https:\/\/www.teritoria.com\/wp-content\/uploads\/2023\/08\/P546_547_iStock-c-MStudioImages-768x512.png 768w\" sizes=\"auto, (max-width: 1024px) 100vw, 1024px\" \/><\/figure>\n\n\n\n<figure class=\"wp-block-image size-large\"><img loading=\"lazy\" decoding=\"async\" width=\"815\" height=\"1024\" data-id=\"2221\" src=\"https:\/\/www.teritoria.com\/wp-content\/uploads\/2023\/08\/bg-sejours-815x1024.png\" alt=\"\" class=\"wp-image-2221\" title=\"\" srcset=\"https:\/\/www.teritoria.com\/wp-content\/uploads\/2023\/08\/bg-sejours-815x1024.png 815w, https:\/\/www.teritoria.com\/wp-content\/uploads\/2023\/08\/bg-sejours-239x300.png 239w, https:\/\/www.teritoria.com\/wp-content\/uploads\/2023\/08\/bg-sejours-768x965.png 768w, https:\/\/www.teritoria.com\/wp-content\/uploads\/2023\/08\/bg-sejours-1223x1536.png 1223w, https:\/\/www.teritoria.com\/wp-content\/uploads\/2023\/08\/bg-sejours-1630x2048.png 1630w\" sizes=\"auto, (max-width: 815px) 100vw, 815px\" \/><\/figure>\n\n\n\n<figure class=\"wp-block-image size-large\"><img loading=\"lazy\" decoding=\"async\" width=\"681\" height=\"1024\" data-id=\"65309\" src=\"https:\/\/www.teritoria.com\/wp-content\/uploads\/2024\/03\/4184-20240325-113436-0-1388-681x1024.png\" alt=\"\" class=\"wp-image-65309\" title=\"\" srcset=\"https:\/\/www.teritoria.com\/wp-content\/uploads\/2024\/03\/4184-20240325-113436-0-1388-681x1024.png 681w, https:\/\/www.teritoria.com\/wp-content\/uploads\/2024\/03\/4184-20240325-113436-0-1388-200x300.png 200w, https:\/\/www.teritoria.com\/wp-content\/uploads\/2024\/03\/4184-20240325-113436-0-1388-768x1155.png 768w, https:\/\/www.teritoria.com\/wp-content\/uploads\/2024\/03\/4184-20240325-113436-0-1388.png 798w\" sizes=\"auto, (max-width: 681px) 100vw, 681px\" \/><\/figure>\n\n\n\n<figure class=\"wp-block-image size-large\"><img decoding=\"async\" data-id=\"34907\" src=\"https:\/\/www.teritoria.com\/wp-content\/uploads\/2023\/11\/phar-e1699875032717.png\" alt=\"\" class=\"wp-image-34907\" title=\"\"><\/figure>\n\n\n\n<figure class=\"wp-block-image size-full\"><img loading=\"lazy\" decoding=\"async\" width=\"683\" height=\"512\" data-id=\"63572\" src=\"https:\/\/www.teritoria.com\/wp-content\/uploads\/2024\/02\/iStock-1432063329.jpg\" alt=\"\" class=\"wp-image-63572\" title=\"\" srcset=\"https:\/\/www.teritoria.com\/wp-content\/uploads\/2024\/02\/iStock-1432063329.jpg 683w, https:\/\/www.teritoria.com\/wp-content\/uploads\/2024\/02\/iStock-1432063329-300x225.jpg 300w\" sizes=\"auto, (max-width: 683px) 100vw, 683px\" \/><\/figure>\n\n\n\n<figure class=\"wp-block-image size-large\"><img loading=\"lazy\" decoding=\"async\" width=\"1024\" height=\"819\" data-id=\"6231\" src=\"https:\/\/www.teritoria.com\/wp-content\/uploads\/2023\/08\/MAS-DE-FAUCHON-1.png\" alt=\"\" class=\"wp-image-6231\" title=\"\" srcset=\"https:\/\/www.teritoria.com\/wp-content\/uploads\/2023\/08\/MAS-DE-FAUCHON-1.png 1024w, https:\/\/www.teritoria.com\/wp-content\/uploads\/2023\/08\/MAS-DE-FAUCHON-1-300x240.png 300w, https:\/\/www.teritoria.com\/wp-content\/uploads\/2023\/08\/MAS-DE-FAUCHON-1-768x614.png 768w\" sizes=\"auto, (max-width: 1024px) 100vw, 1024px\" \/><\/figure>\n\n\n\n<figure class=\"wp-block-image size-thumbnail\"><img loading=\"lazy\" decoding=\"async\" width=\"150\" height=\"150\" data-id=\"63919\" src=\"https:\/\/www.teritoria.com\/wp-content\/uploads\/2024\/02\/f5668416-56fa-421a-835f-8f6d71bc5a3d-150x150.jpg\" alt=\"\" class=\"wp-image-63919\" title=\"\"><\/figure>\n\n\n\n<figure class=\"wp-block-image size-large\"><img loading=\"lazy\" decoding=\"async\" width=\"980\" height=\"653\" data-id=\"34952\" src=\"https:\/\/www.teritoria.com\/wp-content\/uploads\/2023\/11\/piscine_vue_nature.png\" alt=\"\" class=\"wp-image-34952\" title=\"\" srcset=\"https:\/\/www.teritoria.com\/wp-content\/uploads\/2023\/11\/piscine_vue_nature.png 980w, https:\/\/www.teritoria.com\/wp-content\/uploads\/2023\/11\/piscine_vue_nature-300x200.png 300w, https:\/\/www.teritoria.com\/wp-content\/uploads\/2023\/11\/piscine_vue_nature-768x512.png 768w\" sizes=\"auto, (max-width: 980px) 100vw, 980px\" \/><\/figure>\n\n\n\n<figure class=\"wp-block-image size-large\"><img loading=\"lazy\" decoding=\"async\" width=\"722\" height=\"1024\" data-id=\"34955\" src=\"https:\/\/www.teritoria.com\/wp-content\/uploads\/2023\/11\/MC-Anniversaire-1-722x1024.jpg\" alt=\"\" class=\"wp-image-34955\" title=\"\" srcset=\"https:\/\/www.teritoria.com\/wp-content\/uploads\/2023\/11\/MC-Anniversaire-1-722x1024.jpg 722w, https:\/\/www.teritoria.com\/wp-content\/uploads\/2023\/11\/MC-Anniversaire-1-211x300.jpg 211w, https:\/\/www.teritoria.com\/wp-content\/uploads\/2023\/11\/MC-Anniversaire-1-768x1090.jpg 768w, https:\/\/www.teritoria.com\/wp-content\/uploads\/2023\/11\/MC-Anniversaire-1-1083x1536.jpg 1083w, https:\/\/www.teritoria.com\/wp-content\/uploads\/2023\/11\/MC-Anniversaire-1-1444x2048.jpg 1444w, https:\/\/www.teritoria.com\/wp-content\/uploads\/2023\/11\/MC-Anniversaire-1.jpg 1748w\" sizes=\"auto, (max-width: 722px) 100vw, 722px\" \/><\/figure>\n\n\n\n<figure class=\"wp-block-image size-large\"><img loading=\"lazy\" decoding=\"async\" width=\"800\" height=\"600\" data-id=\"35937\" src=\"https:\/\/www.teritoria.com\/wp-content\/uploads\/2023\/11\/Visuel-paysage-800x600-72dpi_GUIDE-1.jpg\" alt=\"\" class=\"wp-image-35937\" title=\"\" srcset=\"https:\/\/www.teritoria.com\/wp-content\/uploads\/2023\/11\/Visuel-paysage-800x600-72dpi_GUIDE-1.jpg 800w, https:\/\/www.teritoria.com\/wp-content\/uploads\/2023\/11\/Visuel-paysage-800x600-72dpi_GUIDE-1-300x225.jpg 300w, https:\/\/www.teritoria.com\/wp-content\/uploads\/2023\/11\/Visuel-paysage-800x600-72dpi_GUIDE-1-768x576.jpg 768w\" sizes=\"auto, (max-width: 800px) 100vw, 800px\" \/><\/figure>\n\n\n\n<figure class=\"wp-block-image size-large\"><img loading=\"lazy\" decoding=\"async\" width=\"1024\" height=\"683\" data-id=\"34958\" src=\"https:\/\/www.teritoria.com\/wp-content\/uploads\/2023\/11\/occitanie_region-1.png\" alt=\"\" class=\"wp-image-34958\" title=\"\" srcset=\"https:\/\/www.teritoria.com\/wp-content\/uploads\/2023\/11\/occitanie_region-1.png 1024w, https:\/\/www.teritoria.com\/wp-content\/uploads\/2023\/11\/occitanie_region-1-300x200.png 300w, https:\/\/www.teritoria.com\/wp-content\/uploads\/2023\/11\/occitanie_region-1-768x512.png 768w\" sizes=\"auto, (max-width: 1024px) 100vw, 1024px\" \/><\/figure>\n\n\n\n<figure class=\"wp-block-image size-large\"><img loading=\"lazy\" decoding=\"async\" width=\"1024\" height=\"816\" data-id=\"34964\" src=\"https:\/\/www.teritoria.com\/wp-content\/uploads\/2023\/11\/P54_55_Shutterstock-c-2022-Andrew-Mayovskyy-1-1024x816.jpg\" alt=\"\" class=\"wp-image-34964\" title=\"\" srcset=\"https:\/\/www.teritoria.com\/wp-content\/uploads\/2023\/11\/P54_55_Shutterstock-c-2022-Andrew-Mayovskyy-1-1024x816.jpg 1024w, https:\/\/www.teritoria.com\/wp-content\/uploads\/2023\/11\/P54_55_Shutterstock-c-2022-Andrew-Mayovskyy-1-300x239.jpg 300w, https:\/\/www.teritoria.com\/wp-content\/uploads\/2023\/11\/P54_55_Shutterstock-c-2022-Andrew-Mayovskyy-1-768x612.jpg 768w, https:\/\/www.teritoria.com\/wp-content\/uploads\/2023\/11\/P54_55_Shutterstock-c-2022-Andrew-Mayovskyy-1.jpg 1440w\" sizes=\"auto, (max-width: 1024px) 100vw, 1024px\" \/><\/figure>\n<\/figure>\n<\/div>\n\n\n\n<div class=\"wp-block-column is-layout-flow wp-block-column-is-layout-flow\" style=\"flex-basis:25%\"><\/div>\n<\/div>\n\n\n\n<div class=\"wp-block-columns is-layout-flex wp-container-core-columns-is-layout-9d6595d7 wp-block-columns-is-layout-flex\">\n<div class=\"wp-block-column is-layout-flow wp-block-column-is-layout-flow\" style=\"flex-basis:25%\"><\/div>\n\n\n\n<div class=\"wp-block-column is-layout-flow wp-block-column-is-layout-flow\" style=\"flex-basis:50%\">\n<figure class=\"wp-block-gallery has-nested-images columns-default is-cropped wp-block-gallery-2 is-layout-flex wp-block-gallery-is-layout-flex\">\n<figure class=\"wp-block-image size-large\"><img loading=\"lazy\" decoding=\"async\" width=\"686\" height=\"510\" data-id=\"64046\" src=\"https:\/\/www.teritoria.com\/wp-content\/uploads\/2024\/02\/iStock-837249058.jpg\" alt=\"Ch\u00e2teau de Le Castella, vue a\u00e9rienne du ch\u00e2teau sur un \u00eelot \" class=\"wp-image-64046\" title=\"\" srcset=\"https:\/\/www.teritoria.com\/wp-content\/uploads\/2024\/02\/iStock-837249058.jpg 686w, https:\/\/www.teritoria.com\/wp-content\/uploads\/2024\/02\/iStock-837249058-300x223.jpg 300w\" sizes=\"auto, (max-width: 686px) 100vw, 686px\" \/><\/figure>\n\n\n\n<figure class=\"wp-block-image size-large\"><img loading=\"lazy\" decoding=\"async\" width=\"724\" height=\"483\" data-id=\"63576\" src=\"https:\/\/www.teritoria.com\/wp-content\/uploads\/2024\/02\/iStock-1493029446.jpg\" alt=\"\" class=\"wp-image-63576\" title=\"\" srcset=\"https:\/\/www.teritoria.com\/wp-content\/uploads\/2024\/02\/iStock-1493029446.jpg 724w, https:\/\/www.teritoria.com\/wp-content\/uploads\/2024\/02\/iStock-1493029446-300x200.jpg 300w\" sizes=\"auto, (max-width: 724px) 100vw, 724px\" \/><\/figure>\n\n\n\n<figure class=\"wp-block-image size-large\"><img loading=\"lazy\" decoding=\"async\" width=\"718\" height=\"486\" data-id=\"63566\" src=\"https:\/\/www.teritoria.com\/wp-content\/uploads\/2024\/02\/iStock-1125673558-1.jpg\" alt=\"\" class=\"wp-image-63566\" title=\"\" srcset=\"https:\/\/www.teritoria.com\/wp-content\/uploads\/2024\/02\/iStock-1125673558-1.jpg 718w, https:\/\/www.teritoria.com\/wp-content\/uploads\/2024\/02\/iStock-1125673558-1-300x203.jpg 300w\" sizes=\"auto, (max-width: 718px) 100vw, 718px\" \/><\/figure>\n\n\n\n<figure class=\"wp-block-image size-large\"><img loading=\"lazy\" decoding=\"async\" width=\"749\" height=\"466\" data-id=\"62909\" src=\"https:\/\/www.teritoria.com\/wp-content\/uploads\/2024\/01\/iStock-1364825282.jpg\" alt=\"\" class=\"wp-image-62909\" title=\"\" srcset=\"https:\/\/www.teritoria.com\/wp-content\/uploads\/2024\/01\/iStock-1364825282.jpg 749w, https:\/\/www.teritoria.com\/wp-content\/uploads\/2024\/01\/iStock-1364825282-300x187.jpg 300w\" sizes=\"auto, (max-width: 749px) 100vw, 749px\" \/><\/figure>\n\n\n\n<figure class=\"wp-block-image size-large\"><img loading=\"lazy\" decoding=\"async\" width=\"1024\" height=\"619\" data-id=\"61575\" src=\"https:\/\/www.teritoria.com\/wp-content\/uploads\/2024\/01\/4039-20220718-172244-0-7170-1024x619.jpg\" alt=\"\" class=\"wp-image-61575\" title=\"\" srcset=\"https:\/\/www.teritoria.com\/wp-content\/uploads\/2024\/01\/4039-20220718-172244-0-7170-1024x619.jpg 1024w, https:\/\/www.teritoria.com\/wp-content\/uploads\/2024\/01\/4039-20220718-172244-0-7170-300x181.jpg 300w, https:\/\/www.teritoria.com\/wp-content\/uploads\/2024\/01\/4039-20220718-172244-0-7170-768x464.jpg 768w, https:\/\/www.teritoria.com\/wp-content\/uploads\/2024\/01\/4039-20220718-172244-0-7170-1536x929.jpg 1536w, https:\/\/www.teritoria.com\/wp-content\/uploads\/2024\/01\/4039-20220718-172244-0-7170-2048x1238.jpg 2048w\" sizes=\"auto, (max-width: 1024px) 100vw, 1024px\" \/><\/figure>\n\n\n\n<figure class=\"wp-block-image size-large\"><img loading=\"lazy\" decoding=\"async\" width=\"1024\" height=\"724\" data-id=\"61412\" src=\"https:\/\/www.teritoria.com\/wp-content\/uploads\/2024\/01\/4170-20231030-115625-0-7142-1024x724.jpg\" alt=\"\" class=\"wp-image-61412\" title=\"\" srcset=\"https:\/\/www.teritoria.com\/wp-content\/uploads\/2024\/01\/4170-20231030-115625-0-7142-1024x724.jpg 1024w, https:\/\/www.teritoria.com\/wp-content\/uploads\/2024\/01\/4170-20231030-115625-0-7142-300x212.jpg 300w, https:\/\/www.teritoria.com\/wp-content\/uploads\/2024\/01\/4170-20231030-115625-0-7142-768x543.jpg 768w, https:\/\/www.teritoria.com\/wp-content\/uploads\/2024\/01\/4170-20231030-115625-0-7142-1536x1086.jpg 1536w, https:\/\/www.teritoria.com\/wp-content\/uploads\/2024\/01\/4170-20231030-115625-0-7142-2048x1448.jpg 2048w\" sizes=\"auto, (max-width: 1024px) 100vw, 1024px\" \/><\/figure>\n\n\n\n<figure class=\"wp-block-image size-large\"><img loading=\"lazy\" decoding=\"async\" width=\"910\" height=\"780\" data-id=\"60999\" src=\"https:\/\/www.teritoria.com\/wp-content\/uploads\/2023\/12\/Manoir-dhautegente.png\" alt=\"\" class=\"wp-image-60999\" title=\"\" srcset=\"https:\/\/www.teritoria.com\/wp-content\/uploads\/2023\/12\/Manoir-dhautegente.png 910w, https:\/\/www.teritoria.com\/wp-content\/uploads\/2023\/12\/Manoir-dhautegente-300x257.png 300w, https:\/\/www.teritoria.com\/wp-content\/uploads\/2023\/12\/Manoir-dhautegente-768x658.png 768w\" sizes=\"auto, (max-width: 910px) 100vw, 910px\" \/><\/figure>\n<\/figure>\n<\/div>\n\n\n\n<div class=\"wp-block-column is-layout-flow wp-block-column-is-layout-flow\" style=\"flex-basis:25%\"><\/div>\n<\/div>\n","protected":false},"excerpt":{"rendered":"","protected":false},"author":16,"featured_media":0,"parent":0,"menu_order":0,"comment_status":"closed","ping_status":"closed","template":"","meta":{"_acf_changed":false,"footnotes":""},"class_list":["post-51386","page","type-page","status-publish","hentry"],"acf":[],"_links":{"self":[{"href":"https:\/\/www.teritoria.com\/it\/wp-json\/wp\/v2\/pages\/51386","targetHints":{"allow":["GET"]}}],"collection":[{"href":"https:\/\/www.teritoria.com\/it\/wp-json\/wp\/v2\/pages"}],"about":[{"href":"https:\/\/www.teritoria.com\/it\/wp-json\/wp\/v2\/types\/page"}],"author":[{"embeddable":true,"href":"https:\/\/www.teritoria.com\/it\/wp-json\/wp\/v2\/users\/16"}],"replies":[{"embeddable":true,"href":"https:\/\/www.teritoria.com\/it\/wp-json\/wp\/v2\/comments?post=51386"}],"version-history":[{"count":5,"href":"https:\/\/www.teritoria.com\/it\/wp-json\/wp\/v2\/pages\/51386\/revisions"}],"predecessor-version":[{"id":65369,"href":"https:\/\/www.teritoria.com\/it\/wp-json\/wp\/v2\/pages\/51386\/revisions\/65369"}],"wp:attachment":[{"href":"https:\/\/www.teritoria.com\/it\/wp-json\/wp\/v2\/media?parent=51386"}],"curies":[{"name":"wp","href":"https:\/\/api.w.org\/{rel}","templated":true}]}}