{"id":51353,"date":"2023-11-21T10:00:58","date_gmt":"2023-11-21T09:00:58","guid":{"rendered":"https:\/\/www.teritoria.com\/contatti-aziendali-cofanetti-regalo\/"},"modified":"2023-11-26T03:37:30","modified_gmt":"2023-11-26T02:37:30","slug":"contatti-aziendali-cofanetti-regalo","status":"publish","type":"page","link":"https:\/\/www.teritoria.com\/it\/contatti-aziendali-cofanetti-regalo\/","title":{"rendered":"Contatti per le aziende &#8211; cofanetti regalo"},"content":{"rendered":"<section id=\"header-block_61b5c41bb220341b8fa256022db7d813\"\n         class=\"header bg-no-repeat bg-cover bg-center\" style=\"background-color: #e7ede9\">\n    <div class='container text-center px-[2.4rem] py-[4rem] min-h-[275px] flex item-center '>\n        <div class='max-w-[657px] mx-auto flex flex-col justify-center'>\n                    <div class='header_sous_titre mb-2'>\n                                    <span\n                        class='text-sm font-proza-libre font-bold tracking-widest uppercase' style='color: #00541e;'>AZIENDE                    <\/span>\n                            <\/div>\n        \n        \n                            <div class='header_titre mb-8'>\n                    <h1\n                        class='text-lg max-lg:text-[4rem]'\n                        style='color: #00541e;'>\n                        <i>Contattaci<\/i>                    <\/h1>\n                <\/div>\n                    \n        \n                        <\/div>\n    <\/div>\n<!-- $header_afficher_ce_form  = get_field( 'header_afficher_ce_form' );\n$header_form_titre  = get_field( 'header_form_titre' );\n$header_form_description  = get_field( 'header_form_description' );\n$header_form_cta  = get_field( 'header_form_cta' ); -->\n    <\/section>\n\n\n\n\n<div class=\"wp-block-columns is-layout-flex wp-container-core-columns-is-layout-9d6595d7 wp-block-columns-is-layout-flex\">\n<div class=\"wp-block-column is-layout-flow wp-block-column-is-layout-flow\">\n<div class=\"wp-block-contact-form-7-contact-form-selector\">\n<div class=\"wpcf7 no-js\" id=\"wpcf7-f51706-o1\" lang=\"it-IT\" dir=\"ltr\" data-wpcf7-id=\"51706\">\n<div class=\"screen-reader-response\"><p role=\"status\" aria-live=\"polite\" aria-atomic=\"true\"><\/p> <ul><\/ul><\/div>\n<form action=\"\/it\/wp-json\/wp\/v2\/pages\/51353#wpcf7-f51706-o1\" method=\"post\" class=\"wpcf7-form init\" aria-label=\"Modulo di contatto\" enctype=\"multipart\/form-data\" novalidate=\"novalidate\" data-status=\"init\">\n<fieldset class=\"hidden-fields-container\"><input type=\"hidden\" name=\"_wpcf7\" value=\"51706\" \/><input type=\"hidden\" name=\"_wpcf7_version\" value=\"6.1.2\" \/><input type=\"hidden\" name=\"_wpcf7_locale\" value=\"it_IT\" \/><input type=\"hidden\" name=\"_wpcf7_unit_tag\" value=\"wpcf7-f51706-o1\" \/><input type=\"hidden\" name=\"_wpcf7_container_post\" value=\"0\" \/><input type=\"hidden\" name=\"_wpcf7_posted_data_hash\" value=\"\" \/><input type=\"hidden\" name=\"_wpcf7dtx_version\" value=\"5.0.3\" \/><input type=\"hidden\" name=\"_wpcf7_recaptcha_response\" value=\"\" \/>\n<\/fieldset>\n<div class=\"cf7_contact_content\">\n\t<div class=\"cf7_contact_item\">\n\t\t<h2 class=\"title-page\">inviare una richiesta\n\t\t<\/h2>\n\t\t<div class=\"cf7_item\">\n\t\t\t<h2 class=\"title-list\">Sono :<span>*<\/span>\n\t\t\t<\/h2>\n\t\t\t<div>\n\t\t\t\t<p><span class=\"wpcf7-form-control-wrap\" data-name=\"profilage_info\"><select class=\"wpcf7-form-control wpcf7-select wpcf7-validates-as-required class_profilage_info\" id=\"id_profilage_info\" aria-required=\"true\" aria-invalid=\"false\" name=\"profilage_info\"><option value=\"Un privato\">Un privato<\/option><option value=\"Un&#039;azienda\">Un&#039;azienda<\/option><option value=\"Un albergatore\/ristoratore\">Un albergatore\/ristoratore<\/option><option value=\"un partner\">un partner<\/option><\/select><\/span>\n\t\t\t\t<\/p>\n\t\t\t<\/div>\n\t\t<\/div>\n\t\t<div class=\"cf7_item\">\n\t\t\t<h2 class=\"title-list\">La mia richiesta riguarda :<span>*<\/span>\n\t\t\t<\/h2>\n\t\t\t<div>\n\t\t\t\t<p><span class=\"wpcf7-form-control-wrap\" data-name=\"demande_concerne\"><span class=\"wpcf7-form-control wpcf7-checkbox wpcf7-validates-as-required class_demande_concerne\" id=\"id_demande_concerne\"><span class=\"wpcf7-list-item first\"><label><input type=\"checkbox\" name=\"demande_concerne[]\" value=\"il programma fedelt\u00e0\" \/><span class=\"wpcf7-list-item-label\">il programma fedelt\u00e0<\/span><\/label><\/span><span class=\"wpcf7-list-item\"><label><input type=\"checkbox\" name=\"demande_concerne[]\" value=\"Boutique\" \/><span class=\"wpcf7-list-item-label\">Boutique<\/span><\/label><\/span><span class=\"wpcf7-list-item\"><label><input type=\"checkbox\" name=\"demande_concerne[]\" value=\"Una prenotazione\" \/><span class=\"wpcf7-list-item-label\">Una prenotazione<\/span><\/label><\/span><span class=\"wpcf7-list-item last\"><label><input type=\"checkbox\" name=\"demande_concerne[]\" value=\"altro\" \/><span class=\"wpcf7-list-item-label\">altro<\/span><\/label><\/span><\/span><\/span>\n\t\t\t\t<\/p>\n\t\t\t<\/div>\n\t\t<\/div>\n\t<\/div>\n\t<div class=\"cf7_contact_item\">\n\t\t<h2 class=\"title-list\">Le mie informazioni :<span>*<\/span>\n\t\t<\/h2>\n\t\t<div class=\"cf7_item\">\n\t\t\t<h2>Cognome<span>*<\/span>\n\t\t\t<\/h2>\n\t\t\t<div>\n\t\t\t\t<p><span class=\"wpcf7-form-control-wrap\" data-name=\"info-first-name\"><input size=\"40\" maxlength=\"400\" class=\"wpcf7-form-control wpcf7-text wpcf7-validates-as-required class-info-first-name\" id=\"id-info-first-name\" aria-required=\"true\" aria-invalid=\"false\" placeholder=\"Nome\" value=\"\" type=\"text\" name=\"info-first-name\" \/><\/span>\n\t\t\t\t<\/p>\n\t\t\t<\/div>\n\t\t<\/div>\n\t\t<div class=\"cf7_item\">\n\t\t\t<h2>Nome<span>*<\/span>\n\t\t\t<\/h2>\n\t\t\t<div>\n\t\t\t\t<p><span class=\"wpcf7-form-control-wrap\" data-name=\"info-last-name\"><input size=\"40\" maxlength=\"400\" class=\"wpcf7-form-control wpcf7-text wpcf7-validates-as-required class-info-last-name\" id=\"id-info-last-name\" aria-required=\"true\" aria-invalid=\"false\" placeholder=\"Cognome\" value=\"\" type=\"text\" name=\"info-last-name\" \/><\/span>\n\t\t\t\t<\/p>\n\t\t\t<\/div>\n\t\t<\/div>\n\t\t<div class=\"cf7_item\">\n\t\t\t<h2>E-mail<span>*<\/span>\n\t\t\t<\/h2>\n\t\t\t<div>\n\t\t\t\t<p><span class=\"wpcf7-form-control-wrap\" data-name=\"info-email\"><input size=\"40\" maxlength=\"400\" class=\"wpcf7-form-control wpcf7-email wpcf7-validates-as-required wpcf7-text wpcf7-validates-as-email class-info-email\" id=\"id-info-email\" aria-required=\"true\" aria-invalid=\"false\" placeholder=\"E-mail\" value=\"\" type=\"email\" name=\"info-email\" \/><\/span>\n\t\t\t\t<\/p>\n\t\t\t<\/div>\n\t\t<\/div>\n\t\t<div class=\"cf7_item\">\n\t\t\t<h2>Il vostro messaggio<span>*<\/span>\n\t\t\t<\/h2>\n\t\t\t<div>\n\t\t\t\t<p><span class=\"wpcf7-form-control-wrap\" data-name=\"info-message\"><textarea cols=\"40\" rows=\"10\" maxlength=\"2000\" class=\"wpcf7-form-control wpcf7-textarea wpcf7-validates-as-required class-info-message\" id=\"id-info-message\" aria-required=\"true\" aria-invalid=\"false\" placeholder=\"Messaggio\" name=\"info-message\"><\/textarea><\/span>\n\t\t\t\t<\/p>\n\t\t\t<\/div>\n\t\t<\/div>\n\t<\/div>\n\t<div class=\"cf7_contact_item\">\n\t\t<h2>file allegato <span>opzionale<\/span>\n\t\t<\/h2>\n\t\t<div class=\"cf7_item\">\n\t\t\t<p><label for=\"id-info-file\">Aggiungi uno o pi\u00f9 file o trascinali qui<\/label><span class=\"wpcf7-form-control-wrap\" data-name=\"info-file\"><input size=\"40\" class=\"wpcf7-form-control wpcf7-file class-info-file\" id=\"id-info-file\" accept=\"audio\/*,video\/*,image\/*\" aria-invalid=\"false\" type=\"file\" name=\"info-file\" \/><\/span>\n\t\t\t<\/p>\n\t\t<\/div>\n\t<\/div>\n\t<p><input class=\"wpcf7-form-control wpcf7-submit has-spinner class-info-submit\" id=\"id-info-submit\" type=\"submit\" value=\"Invia\" \/>\n\t<\/p>\n<\/div><div class=\"wpcf7-response-output\" aria-hidden=\"true\"><\/div>\n<\/form>\n<\/div>\n<\/div>\n<\/div>\n\n\n\n<div class=\"wp-block-column is-layout-flow wp-block-column-is-layout-flow\">\n<section id=\"faqs-block\" \n\t\t class=\"faqs lg:my-24 my-16\">\n\t<div class=\"max-lg:px-10 max-w-[920px] mx-auto\">\n\n\t\t\t<div class='block_faq_titre pb-6 alignleft'>\n\t\t\t<h2 class='text-[2.6rem] lg:text-md text-blue-200' style='color: #1a2830;'>Informazioni utili<\/h2>\n\t\t<\/div>\n\t\n\t\t\t<div \n\t\t\tclass='block_faq_description text-sm pb-10 lg:pb-16 text-gray-300  alignleft' style='color: #1a2830;'>\n\t\t\t<p>Lorem ipsum dolor sit amet, consectetur adipiscing.rnLorem ipsum dolor sit amet, consectetur adipiscing.<\/p>\n\t\t<\/div>\n\t\t\t\n\n\t\t\t\t\t\n\t\t\t<div class='block_faq_questions' data-accordion='collapse' data-active-classes=\"text-blue-200\" data-inactive-classes=\"text-blue-200\">\n\t\t\t\t\n\t\t\t\t\t<h3 id='accordion-content-48190' class='lg:text-[2.5rem] text-sm first:border-none first:pt-0 pt-6 lg:pt-10 border-t border-t-gray-100 mb-6 lg:mb-10'>\n\t\t\t\t\t\t<button class='flex items-center justify-between w-full bg-transparent font-proza-libre font-normal text-sm lg:text-base text-left text-gray-300' type='button' data-id='48190' data-accordion-target='#ac-item-48190'>\n\t\t\t\t\t\t\t<span class=\"text-blue-200\">Contacter le service commercial cartes et coffrets cadeaux<\/span>\n\t\t\t\t\t\t\t<svg data-accordion-icon xmlns='http:\/\/www.w3.org\/2000\/svg' width='24' height='24' viewBox='0 0 24 24' fill='none'><path d='M2.99019 7.37999C2.50019 7.86999 2.50019 8.65999 2.99019 9.14999L11.3002 17.46C11.6902 17.85 12.3202 17.85 12.7102 17.46L21.0202 9.14999C21.5102 8.65999 21.5102 7.86999 21.0202 7.37999C20.5302 6.88999 19.7402 6.88999 19.2502 7.37999L12.0002 14.62L4.75019 7.36999C4.2702 6.88999 3.47019 6.88999 2.99019 7.37999Z' fill='#1A2830'\/><\/svg>\n\t\t\t\t\t\t<\/button>\n\t\t\t\t\t<\/h3>\n\n\t\t\t\t\t<div id='ac-item-48190' class='hidden' aria-labelledby='accordion-content-48190'>\n\t\t\t\t\t\t<div class='text-[#414B5A] mb-6'>\n\t\t\t\t\t\t\t<p>Notre service commercial cartes et coffrets cadeaux est \u00e0 votre disposition pour vos op\u00e9rations commerciales du lundi au vendredi.<br \/>\nE-mail : commercial@teritoria.com<br \/>\nT\u00e9l\u00e9phone : 01 78 94 78 67<\/p>\n\t\t\t\t\t\t<\/div>\n\t\t\t\t\t<\/div>\n\t\t\t\t\n\t\t\t\t\t<h3 id='accordion-content-954' class='lg:text-[2.5rem] text-sm first:border-none first:pt-0 pt-6 lg:pt-10 border-t border-t-gray-100 mb-6 lg:mb-10'>\n\t\t\t\t\t\t<button class='flex items-center justify-between w-full bg-transparent font-proza-libre font-normal text-sm lg:text-base text-left text-gray-300' type='button' data-id='954' data-accordion-target='#ac-item-954'>\n\t\t\t\t\t\t\t<span class=\"text-blue-200\">Je n\u2019ai pas de smartphone\u202f: comment pr\u00e9senter ma carte de fid\u00e9lit\u00e9 sur place\u202f?<\/span>\n\t\t\t\t\t\t\t<svg data-accordion-icon xmlns='http:\/\/www.w3.org\/2000\/svg' width='24' height='24' viewBox='0 0 24 24' fill='none'><path d='M2.99019 7.37999C2.50019 7.86999 2.50019 8.65999 2.99019 9.14999L11.3002 17.46C11.6902 17.85 12.3202 17.85 12.7102 17.46L21.0202 9.14999C21.5102 8.65999 21.5102 7.86999 21.0202 7.37999C20.5302 6.88999 19.7402 6.88999 19.2502 7.37999L12.0002 14.62L4.75019 7.36999C4.2702 6.88999 3.47019 6.88999 2.99019 7.37999Z' fill='#1A2830'\/><\/svg>\n\t\t\t\t\t\t<\/button>\n\t\t\t\t\t<\/h3>\n\n\t\t\t\t\t<div id='ac-item-954' class='hidden' aria-labelledby='accordion-content-954'>\n\t\t\t\t\t\t<div class='text-[#414B5A] mb-6'>\n\t\t\t\t\t\t\t<p>Si vous ne disposez pas d\u2019un smartphone, vous avez la possibilit\u00e9 d\u2019imprimer votre QR Code personnel, directement depuis votre compte client, onglet &#8220;Mes avantages&#8221;. Une fois imprim\u00e9, pr\u00e9sentez votre QR Code personnel lors de votre passage dans un h\u00f4tel ou un restaurant afin d\u2019\u00eatre identifi\u00e9 comme membre du programme de fid\u00e9lit\u00e9 Teritoria. <\/p>\n<p>Il est aussi possible d&#8217;indiquer votre adresse mail li\u00e9 \u00e0 votre compte Teritoria \u00e0 l&#8217;\u00e9tablissement si vous n&#8217;\u00eates pas en possession de votre QR Code.<\/p>\n\t\t\t\t\t\t<\/div>\n\t\t\t\t\t<\/div>\n\t\t\t\t\t\t\t<\/div>\n\t\t\n\t\t\t <\/div>\n<\/section>\n<\/div>\n<\/div>\n","protected":false},"excerpt":{"rendered":"","protected":false},"author":16,"featured_media":0,"parent":0,"menu_order":0,"comment_status":"closed","ping_status":"closed","template":"tol-contact.php","meta":{"_acf_changed":false,"footnotes":""},"class_list":["post-51353","page","type-page","status-publish","hentry"],"acf":[],"_links":{"self":[{"href":"https:\/\/www.teritoria.com\/it\/wp-json\/wp\/v2\/pages\/51353","targetHints":{"allow":["GET"]}}],"collection":[{"href":"https:\/\/www.teritoria.com\/it\/wp-json\/wp\/v2\/pages"}],"about":[{"href":"https:\/\/www.teritoria.com\/it\/wp-json\/wp\/v2\/types\/page"}],"author":[{"embeddable":true,"href":"https:\/\/www.teritoria.com\/it\/wp-json\/wp\/v2\/users\/16"}],"replies":[{"embeddable":true,"href":"https:\/\/www.teritoria.com\/it\/wp-json\/wp\/v2\/comments?post=51353"}],"version-history":[{"count":4,"href":"https:\/\/www.teritoria.com\/it\/wp-json\/wp\/v2\/pages\/51353\/revisions"}],"predecessor-version":[{"id":55235,"href":"https:\/\/www.teritoria.com\/it\/wp-json\/wp\/v2\/pages\/51353\/revisions\/55235"}],"wp:attachment":[{"href":"https:\/\/www.teritoria.com\/it\/wp-json\/wp\/v2\/media?parent=51353"}],"curies":[{"name":"wp","href":"https:\/\/api.w.org\/{rel}","templated":true}]}}