{"id":47450,"date":"2023-11-11T15:41:31","date_gmt":"2023-11-11T14:41:31","guid":{"rendered":"https:\/\/www.teritoria.com\/les-collectionneurs-deviennent-teritoria\/"},"modified":"2023-11-16T17:29:29","modified_gmt":"2023-11-16T16:29:29","slug":"les-collectionneurs-become-teritoria","status":"publish","type":"page","link":"https:\/\/www.teritoria.com\/en\/les-collectionneurs-become-teritoria\/","title":{"rendered":"Les Collectionneurs become Teritoria"},"content":{"rendered":"\n<div class=\"wp-block-group\"><div class=\"wp-block-group__inner-container is-layout-constrained wp-block-group-is-layout-constrained\">\n<div class=\"wp-block-group\"><div class=\"wp-block-group__inner-container is-layout-constrained wp-block-group-is-layout-constrained\">\n\n\n\n\n\n\n\n\n\n<div style=\"height:30px\" aria-hidden=\"true\" class=\"wp-block-spacer\"><\/div>\n<\/div><\/div>\n<\/div><\/div>\n\n\n<section id=\"header-block_bed2ce8b5d30b62ca50a39a5cd9c51ce\"\n         class=\"header bg-no-repeat bg-cover bg-center\" style=\"background-image: url(https:\/\/www.teritoria.com\/wp-content\/uploads\/2023\/08\/header-faq-bg.png)\">\n    <div class='container text-center px-[2.4rem] py-[4rem] min-h-[275px] flex item-center '>\n        <div class='max-w-[657px] mx-auto flex flex-col justify-center'>\n                    <div class='header_sous_titre mb-2'>\n                                    <span\n                        class='text-sm font-proza-libre font-bold tracking-widest uppercase' style='color: #ff8300;'>read more                    <\/span>\n                            <\/div>\n        \n        \n                            <div class='header_titre mb-8'>\n                    <h1\n                        class='text-lg max-lg:text-[4rem]'\n                        style='color: #ff8300;'>\n                        Les Collectionneurs change their name to Teritoria                    <\/h1>\n                <\/div>\n                    \n        \n        \n            \n            <div\n                class='header_description text-gray-300'\n                style=\"color: #1a2830 !important\">\n                <p>The <strong>first<\/strong> mission hotel community<\/p>\n            <\/div>\n                        <\/div>\n    <\/div>\n<!-- $header_afficher_ce_form  = get_field( 'header_afficher_ce_form' );\n$header_form_titre  = get_field( 'header_form_titre' );\n$header_form_description  = get_field( 'header_form_description' );\n$header_form_cta  = get_field( 'header_form_cta' ); -->\n    <\/section>\n\n\n\n\n   <div id=\"block-home-info\" class=\"wp-block-create-block-block-img-text block_img_text_class block_info_custom_class my-16 lg:my-24\">\n      <div class=\"grid items-center text-center px-[2.4rem] lg:px-0 lg:text-left  lg:grid-cols-2\">\n         <div class=\"order-2 ps-[5vw] pe-14 contents lg:block\">\n            \n                           <div class=\"bit_content mb-14 order-3 lg:mb-10\" style=\"color:#414B5A\">\n                  <p>&nbsp;<\/p>\n<p>Founded in 1975, the Les Collectionneurs community of independent hoteliers and restaurateurs has opened a new chapter in its history by becoming Teritoria.<\/p>\n<p>This rebranding completes the network&#8217;s shift towards committed hospitality. From now on, Teritoria members will be united by a common foundation of concrete, measurable commitments to meet 3 major challenges: reducing greenhouse gas emissions, improving working conditions and preserving biodiversity.<\/p>\n<p>&nbsp;<\/p>\n<p>Teritoria s\u2019est \u00e9galement dot\u00e9e d\u2019une raison d\u2019\u00eatre et d\u2019objectifs sociaux et environnementaux qu\u2019elle entend poursuivre dans le cadre de ses activit\u00e9s ; elle devient ainsi la premi\u00e8re cha\u00eene volontaire \u00e0 mission du secteur.<\/p>\n<p>&nbsp;<\/p>\n               <\/div>\n            \n                     <\/div>\n\n                     <div class=\"order-1 mb-8 lg:mb-0 overflow-hidden rounded\">\n               <div class=\"ratio pt-[calc(100%\/710*441)]\">\n                  <img decoding=\"async\" src=\"data:image\/png;base64,iVBORw0KGgoAAAANSUhEUgAAAAEAAAABCAYAAAAfFcSJAAAADUlEQVR42mO8fPPmGQAIXwNTEbZW6QAAAABJRU5ErkJggg==\" data-src=\"https:\/\/www.teritoria.com\/wp-content\/uploads\/2023\/11\/150623-Teritoria-omega-typo-orange-date-baseline3-ai-1.png\" alt=\"\" class=\"object-cover w-full lazy\" title=\"\">\n               <\/div>\n            <\/div>\n         \n      <\/div>\n   <\/div>\n\n\n<div class=\"wp-block-image is-style-rounded\">\n<figure class=\"aligncenter size-full is-resized\"><img decoding=\"async\" src=\"https:\/\/www.teritoria.com\/wp-content\/uploads\/2023\/08\/promisse-e1698146276915.jpeg\" alt=\"\" class=\"wp-image-2133\" style=\"width:245px;height:auto\" title=\"\"><\/figure><\/div>\n\n\n<blockquote class=\"wp-block-quote has-text-align-center is-style-large is-layout-flow wp-block-quote-is-layout-flow\">\n<p class=\"has-text-color has-link-color wp-elements-30a11f65230b1c119ed380f6ae8f498f\" style=\"color:#34764c\"><br>\u00ab\u00a0We have to dare to be a little radical to invent a new kind of tourism.<br>Tourism that makes people love the world. Tourism with a future.<\/p>\n\n\n\n<p class=\"has-text-color has-link-color wp-elements-1e73fcddd078b0275ae6fcd723bc03b7\" style=\"color:#34764c\"><em> <\/em><\/p>\n\n\n\n<p class=\"has-text-color has-link-color wp-elements-ad9a48de0bc6dc84b5dc438e43ac1296\" style=\"color:#34764c\">By becoming Teritoria, our community is taking responsibility for rethinking its business towards greater sustainability. \u00bb<br><\/p>\n\n\n\n<div style=\"height:20px\" aria-hidden=\"true\" class=\"wp-block-spacer\"><\/div>\n\n\n\n<p><\/p>\n\n\n\n<p><\/p>\n<cite>Alain Ducasse, Brand Chairman Teritoria<\/cite><\/blockquote>\n\n\n\n<div style=\"height:30px\" aria-hidden=\"true\" class=\"wp-block-spacer\"><\/div>\n\n\n\n<div class=\"wp-block-group has-background\" style=\"background-color:#fff3ef\"><div class=\"wp-block-group__inner-container is-layout-constrained wp-block-group-is-layout-constrained\">\n<div class=\"wp-block-columns is-layout-flex wp-container-core-columns-is-layout-9d6595d7 wp-block-columns-is-layout-flex\">\n<div class=\"wp-block-column has-white-background-color has-background is-layout-flow wp-block-column-is-layout-flow\" style=\"flex-basis:25%\"><\/div>\n\n\n\n<div class=\"wp-block-column is-layout-flow wp-block-column-is-layout-flow\" style=\"flex-basis:50%\">\n<div class=\"wp-block-group\"><div class=\"wp-block-group__inner-container is-layout-constrained wp-block-group-is-layout-constrained\">\n<div style=\"height:20px\" aria-hidden=\"true\" class=\"wp-block-spacer\"><\/div>\n\n\n\n<p class=\"has-text-align-center\">To make sure that travel is always a source of amazement, to make sure that tourism helps our regions and cultures shine, to make sure that hospitality leaves its mark on people&#8217;s minds, but not on the planet\u2026<\/p>\n\n\n\n<p class=\"has-text-align-center\">Teritoria is committed to the prosperity of its members, the regions, to promoting virtuous practices with its collaborators and partners, and to making sustainable discoveries the preferred choice of all travelers.<br>&#8211; Teritoria&#8217;s raison d&#8217;\u00eatre, at the roots of hospitality &#8211;<\/p>\n\n\n\n<div style=\"height:20px\" aria-hidden=\"true\" class=\"wp-block-spacer\"><\/div>\n<\/div><\/div>\n<\/div>\n\n\n\n<div class=\"wp-block-column has-white-background-color has-background is-layout-flow wp-block-column-is-layout-flow\" style=\"flex-basis:25%\"><\/div>\n<\/div>\n<\/div><\/div>\n\n\n\n<div class=\"wp-block-columns is-layout-flex wp-container-core-columns-is-layout-9d6595d7 wp-block-columns-is-layout-flex\">\n<div class=\"wp-block-column has-white-background-color has-background is-layout-flow wp-block-column-is-layout-flow\" style=\"flex-basis:25%\"><\/div>\n\n\n\n<div class=\"wp-block-column is-layout-flow wp-block-column-is-layout-flow\" style=\"flex-basis:70%\">\n<div style=\"height:30px\" aria-hidden=\"true\" class=\"wp-block-spacer\"><\/div>\n\n\n\n<h3 class=\"wp-block-heading has-text-color has-link-color wp-elements-93f7c6b7699cb29d76121cbfa384071f\" style=\"color:#ff8300;font-size:25px\">Promoting regions and know-how<\/h3>\n\n\n\n<div style=\"height:10px\" aria-hidden=\"true\" class=\"wp-block-spacer\"><\/div>\n\n\n\n<p class=\"text-justify\">Thanks to Teritoria, the network is reaffirming its European roots and its commitment to helping travelers discover human-scale establishments that encourage encounters, promote their terroirs and perpetuate their passion for hospitality. The community comprises 430 charming addresses, mostly 4-star hotels and Michelin-starred restaurants. The Teritoria website positions itself as an ally to travelers, enabling them to book directly with the establishments of their choice, commission-free. The level of commitment for each establishment is displayed directly on its description page.<\/p>\n\n\n\n<div style=\"height:20px\" aria-hidden=\"true\" class=\"wp-block-spacer\"><\/div>\n\n\n\n<div style=\"height:10px\" aria-hidden=\"true\" class=\"wp-block-spacer\"><\/div>\n\n\n\n<h3 class=\"wp-block-heading has-text-color has-link-color wp-elements-52f5d43f44a51c94a5cb5f1a3e170a8f\" style=\"color:#ff8300;font-size:25px\">Reducing greenhouse gas emissions<\/h3>\n\n\n\n<div style=\"height:10px\" aria-hidden=\"true\" class=\"wp-block-spacer\"><\/div>\n\n\n\n<p class=\"text-justify\">Based on the principle that if you want to reduce greenhouse gas emissions, you have to measure them first, all the hoteliers and restaurateurs in the network have committed to carrying out a carbon footprint assessment of their establishment every two years, using the Clorofil.eco(1) tool, and to take part in the reduction process. This commitment will enable Teritoria to become the first chain to measure and communicate its carbon footprint. Once this is known, Teritoria will work with its members to set annual reduction targets, which will be monitored by the mission committee.<\/p>\n\n\n\n<div style=\"height:20px\" aria-hidden=\"true\" class=\"wp-block-spacer\"><\/div>\n<\/div>\n\n\n\n<div class=\"wp-block-column is-layout-flow wp-block-column-is-layout-flow\" style=\"flex-basis:25%\"><\/div>\n<\/div>\n\n\n\n<p><\/p>\n\n\n\n<div class=\"wp-block-group\"><div class=\"wp-block-group__inner-container is-layout-constrained wp-block-group-is-layout-constrained\">\n<div class=\"wp-block-columns is-layout-flex wp-container-core-columns-is-layout-9d6595d7 wp-block-columns-is-layout-flex\">\n<div class=\"wp-block-column is-layout-flow wp-block-column-is-layout-flow\" style=\"flex-basis:15%\"><\/div>\n\n\n\n<div class=\"wp-block-column is-layout-flow wp-block-column-is-layout-flow\" style=\"flex-basis:70%\">\n<p class=\"has-text-align-center has-background\" style=\"background-color:#fff3ef\"><strong>As a company with a mission, Teritoria has set up a Mission Committee, a new governance body that will ensure that the company achieves its objectives. The committee is made up of a hotelier, a restaurateur, a traveler, a human resources expert, an environmental expert and a company employee.<br>It will meet annually and draw up a report to be presented at the Annual General Meeting called to approve the company&#8217;s accounts.<\/strong><\/p>\n<\/div>\n\n\n\n<div class=\"wp-block-column is-layout-flow wp-block-column-is-layout-flow\" style=\"flex-basis:15%\"><\/div>\n<\/div>\n<\/div><\/div>\n\n\n\n<div style=\"height:0px\" aria-hidden=\"true\" class=\"wp-block-spacer\"><\/div>\n\n\n\n<div style=\"height:10px\" aria-hidden=\"true\" class=\"wp-block-spacer\"><\/div>\n\n\n\n<div class=\"wp-block-columns is-layout-flex wp-container-core-columns-is-layout-9d6595d7 wp-block-columns-is-layout-flex\">\n<div class=\"wp-block-column has-white-background-color has-background is-layout-flow wp-block-column-is-layout-flow\" style=\"flex-basis:25%\"><\/div>\n\n\n\n<div class=\"wp-block-column is-layout-flow wp-block-column-is-layout-flow\" style=\"flex-basis:70%\">\n<div style=\"height:30px\" aria-hidden=\"true\" class=\"wp-block-spacer\"><\/div>\n\n\n\n<h3 class=\"wp-block-heading has-text-color has-link-color wp-elements-257813bbc0d060c1da4177f98f4c03d9\" style=\"color:#ff8300;font-size:25px\">Employee quality of life and working conditions at the heart of the Teritoria project<\/h3>\n\n\n\n<div style=\"height:10px\" aria-hidden=\"true\" class=\"wp-block-spacer\"><\/div>\n\n\n\n<p class=\"text-justify\">Hospitality is the art of caring for others, and it starts with your own staff. For this reason, all Teritoria&#8217;s hoteliers and restaurateurs are committed to evaluating their managerial practices using the QVCT Peace&amp;Work label. This label gives a voice to employees, and enables us to find out how they perceive the actions already in place, as well as any readjustments they would like to see. It also awards a distinction according to the score obtained by the establishment. Teritoria members must achieve at least the bronze distinction level.<\/p>\n\n\n\n<div style=\"height:20px\" aria-hidden=\"true\" class=\"wp-block-spacer\"><\/div>\n\n\n\n<div style=\"height:10px\" aria-hidden=\"true\" class=\"wp-block-spacer\"><\/div>\n\n\n\n<h3 class=\"wp-block-heading has-text-color has-link-color wp-elements-0294fea8a01a4e7060422c3a118178e2\" style=\"color:#ff8300;font-size:25px\">Helping to preserve biodiversity<\/h3>\n\n\n\n<div style=\"height:10px\" aria-hidden=\"true\" class=\"wp-block-spacer\"><\/div>\n\n\n\n<p class=\"text-justify\">Biodiversity is under threat, not least because of the pressure exerted by human activities, including tourism. Teritoria has therefore decided, on behalf of and with all its members, to finance agroforestry projects in the heart of France and Italy(2) by two players: Agroof and XXX. Agroforestry combines trees with crops and livestock, with numerous benefits including the development of biodiversity, animal welfare, soil conservation and water resources, while reshaping the landscape.<\/p>\n<\/div>\n\n\n\n<div class=\"wp-block-column is-layout-flow wp-block-column-is-layout-flow\" style=\"flex-basis:25%\"><\/div>\n<\/div>\n\n\n\n\n\n\n<p><br><\/p>\n\n\n\n   <div id=\"block-home-info\" class=\"wp-block-create-block-block-img-text block_img_text_class block_info_custom_class my-16 lg:my-24\">\n      <div class=\"grid items-center text-center px-[2.4rem] lg:px-0 lg:text-left  lg:grid-cols-2\">\n         <div class=\"order-2 ps-[5vw] pe-14 contents lg:block\">\n            \n                           <div class=\"bit_content mb-14 order-3 lg:mb-10\" style=\"color:#414B5A\">\n                  <p>\u00ab With Teritoria, we want to affirm a change of direction, in line with the challenges facing the tourism industry and the values already held by the Collectors. We&#8217;re particularly proud to involve our community in this new adventure through shared commitments to reducing our carbon footprint and the QVCT. \u00bb<\/p>\n<p align=\"right\"><em> Carole Pourchet, General Manager, Teritoria<\/em><\/p>\n<p>&nbsp;<\/p>\n<p align=\"center\"><img loading=\"lazy\" decoding=\"async\" class=\"alignnone size-medium wp-image-34594\" src=\"https:\/\/www.teritoria.com\/wp-content\/uploads\/2023\/11\/logolight-bloc-marque-complet-orange-FR-1-300x269.png\" alt=\"\" width=\"300\" height=\"269\" srcset=\"https:\/\/www.teritoria.com\/wp-content\/uploads\/2023\/11\/logolight-bloc-marque-complet-orange-FR-1-300x269.png 300w, https:\/\/www.teritoria.com\/wp-content\/uploads\/2023\/11\/logolight-bloc-marque-complet-orange-FR-1-768x689.png 768w, https:\/\/www.teritoria.com\/wp-content\/uploads\/2023\/11\/logolight-bloc-marque-complet-orange-FR-1.png 1024w\" sizes=\"auto, (max-width: 300px) 100vw, 300px\" title=\"\"><\/p>\n               <\/div>\n            \n                     <\/div>\n\n                     <div class=\"order-1 mb-8 lg:mb-0 overflow-hidden rounded\">\n               <div class=\"ratio pt-[calc(100%\/710*441)]\">\n                  <img decoding=\"async\" src=\"data:image\/png;base64,iVBORw0KGgoAAAANSUhEUgAAAAEAAAABCAYAAAAfFcSJAAAADUlEQVR42mO8fPPmGQAIXwNTEbZW6QAAAABJRU5ErkJggg==\" data-src=\"https:\/\/www.teritoria.com\/wp-content\/uploads\/2023\/11\/test_Carole-Pourchet_DG-les-Collectionneurs\u00a9pmonetta.png\" alt=\"\" class=\"object-cover w-full lazy\" title=\"\">\n               <\/div>\n            <\/div>\n         \n      <\/div>\n   <\/div>\n\n\n<div class=\"wp-block-image\">\n<figure class=\"aligncenter size-full is-resized\"><img loading=\"lazy\" decoding=\"async\" width=\"1024\" height=\"918\" src=\"https:\/\/www.teritoria.com\/wp-content\/uploads\/2023\/11\/logolight-bloc-marque-complet-orange-FR-1.png\" alt=\"\" class=\"wp-image-34594\" style=\"width:182px;height:auto\" title=\"\" srcset=\"https:\/\/www.teritoria.com\/wp-content\/uploads\/2023\/11\/logolight-bloc-marque-complet-orange-FR-1.png 1024w, https:\/\/www.teritoria.com\/wp-content\/uploads\/2023\/11\/logolight-bloc-marque-complet-orange-FR-1-300x269.png 300w, https:\/\/www.teritoria.com\/wp-content\/uploads\/2023\/11\/logolight-bloc-marque-complet-orange-FR-1-768x689.png 768w\" sizes=\"auto, (max-width: 1024px) 100vw, 1024px\" \/><\/figure><\/div>\n\n\n<div style=\"height:100px\" aria-hidden=\"true\" class=\"wp-block-spacer\"><\/div>\n\n\n\n<div class=\"wp-block-group\"><div class=\"wp-block-group__inner-container is-layout-constrained wp-block-group-is-layout-constrained\">\n<p class=\"has-text-align-center has-text-color has-link-color has-small-font-size wp-elements-c2b2565baddd01819517a1e1c7702388\" style=\"color:#afafaf\">Chaired by Alain Ducasse, the Teritoria community &#8211; formerly known as Les Collectionneurs &#8211; brings together restaurateurs, hoteliers and travelers committed to sincere, sustainable hospitality in the service of the living. Driven by a sense of sharing and a passion for their region, the 430+ Teritoria establishments share a common mission: to invent tourism that makes people love the world.<\/p>\n\n\n\n<p class=\"has-text-align-center has-text-color has-link-color has-small-font-size wp-elements-7bd9db75d7c5143cc6de64b685e0b263\" style=\"color:#afafaf\">(1) clorofil is an open-access calculator based on the Bilan Carbone\u00ae method, designed to help the hotel and catering industry play an active role in the ecological transition. Developed by majorian, it is also a comprehensive management tool offering a number of functions: benchmarking against peers, accessing key ratios, defining an action plan using resource sheets, setting reduction targets and tracking progress. Nearly 250 sites have already signed up to measure their GHG emissions across all scopes. www.clorofil.eco<\/p>\n\n\n\n<p class=\"has-text-align-center has-text-color has-link-color has-small-font-size wp-elements-87907712d8ea266903a7c5dc90c565fb\" style=\"color:#afafaf\">(2) the two main territories where Teritoria homes are located<\/p>\n<\/div><\/div>\n","protected":false},"excerpt":{"rendered":"<p>To make sure that travel is always a source of amazement, to make sure that tourism helps our regions and cultures shine, to make sure that hospitality leaves its mark on people&#8217;s minds, but not on the planet\u2026 Teritoria is committed to the prosperity of its members, the regions, to promoting virtuous practices with its [&hellip;]<\/p>\n","protected":false},"author":16,"featured_media":34538,"parent":0,"menu_order":0,"comment_status":"closed","ping_status":"closed","template":"tpl-blog.php","meta":{"_acf_changed":false,"footnotes":""},"class_list":["post-47450","page","type-page","status-publish","has-post-thumbnail","hentry"],"acf":[],"_links":{"self":[{"href":"https:\/\/www.teritoria.com\/en\/wp-json\/wp\/v2\/pages\/47450","targetHints":{"allow":["GET"]}}],"collection":[{"href":"https:\/\/www.teritoria.com\/en\/wp-json\/wp\/v2\/pages"}],"about":[{"href":"https:\/\/www.teritoria.com\/en\/wp-json\/wp\/v2\/types\/page"}],"author":[{"embeddable":true,"href":"https:\/\/www.teritoria.com\/en\/wp-json\/wp\/v2\/users\/16"}],"replies":[{"embeddable":true,"href":"https:\/\/www.teritoria.com\/en\/wp-json\/wp\/v2\/comments?post=47450"}],"version-history":[{"count":8,"href":"https:\/\/www.teritoria.com\/en\/wp-json\/wp\/v2\/pages\/47450\/revisions"}],"predecessor-version":[{"id":47486,"href":"https:\/\/www.teritoria.com\/en\/wp-json\/wp\/v2\/pages\/47450\/revisions\/47486"}],"wp:featuredmedia":[{"embeddable":true,"href":"https:\/\/www.teritoria.com\/en\/wp-json\/wp\/v2\/media\/34538"}],"wp:attachment":[{"href":"https:\/\/www.teritoria.com\/en\/wp-json\/wp\/v2\/media?parent=47450"}],"curies":[{"name":"wp","href":"https:\/\/api.w.org\/{rel}","templated":true}]}}